{"id":13628,"date":"2015-12-22T10:57:10","date_gmt":"2015-12-22T10:57:10","guid":{"rendered":"https:\/\/tedelta.com\/fr\/tedelta-internacional\/"},"modified":"2020-02-05T10:31:50","modified_gmt":"2020-02-05T10:31:50","slug":"tedelta-internacional","status":"publish","type":"page","link":"https:\/\/tedelta.com\/fr\/tedelta-internacional\/","title":{"rendered":"Tedelta Internacional"},"content":{"rendered":"<div class=\"fusion-fullwidth fullwidth-box fusion-builder-row-1 nonhundred-percent-fullwidth non-hundred-percent-height-scrolling\" style=\"--awb-background-position:left top;--awb-border-radius-top-left:0px;--awb-border-radius-top-right:0px;--awb-border-radius-bottom-right:0px;--awb-border-radius-bottom-left:0px;--awb-padding-top:30px;--awb-padding-right:0px;--awb-padding-bottom:50px;--awb-padding-left:0px;--awb-border-sizes-top:0px;--awb-border-sizes-bottom:0px;--awb-flex-wrap:wrap;\" ><div class=\"fusion-builder-row fusion-row\"><div class=\"fusion-layout-column fusion_builder_column fusion-builder-column-0 fusion_builder_column_1_1 1_1 fusion-one-full fusion-column-first fusion-column-last fusion-column-no-min-height\" style=\"--awb-bg-size:cover;--awb-margin-bottom:0px;\"><div class=\"fusion-column-wrapper fusion-flex-column-wrapper-legacy\"><div class=\"fusion-testimonials clean awb-speech-bubble-show fusion-testimonials-1\" style=\"--awb-textcolor:#747474;--awb-backgroundcolor:#f6f6f6;--awb-testimonial-border-style:solid;--awb-testimonial-border-color:var(--awb-color3);--awb-border-top-left-radius:0px;--awb-border-top-right-radius:0px;--awb-border-bottom-left-radius:0px;--awb-border-bottom-right-radius:0px;--testimonial-border-width-top:0px;--testimonial-border-width-right:0px;--testimonial-border-width-bottom:0px;--testimonial-border-width-left:0px;\" data-random=\"0\" data-speed=\"4000\"><div class=\"reviews\"><div class=\"review active-testimonial avatar-above avatar-image\"><div class=\"testimonial-thumbnail\"><img decoding=\"async\" class=\"testimonial-image\" src=\"https:\/\/tedelta.com\/wp-content\/uploads\/2015\/07\/experiencia-01.png\" width=\"217\" height=\"147\" \/><\/div><blockquote class=\"testimonials-shortcode-blockquote\"><div class=\"awb-quote\"><div class=\"awb-quote-content\">Nous sommes persuad\u00e9s que le d\u00e9veloppement de synergies d\u2019entreprises permet de grandir ensemble et de renforcer une relation g\u00e9n\u00e9ratrice de succ\u00e8s.<\/div><\/div><\/blockquote><div class=\"author\"><span class=\"company-name\"><\/span><\/div><\/div><\/div><div class=\"testimonial-pagination\" id=\"fusion-testimonials-1\"><\/div><\/div><div class=\"fusion-clearfix\"><\/div><\/div><\/div><div class=\"fusion-layout-column fusion_builder_column fusion-builder-column-1 fusion_builder_column_1_2 1_2 fusion-one-half fusion-column-first\" style=\"--awb-padding-top:10px;--awb-padding-right:10px;--awb-padding-bottom:10px;--awb-padding-left:10px;--awb-bg-size:cover;--awb-margin-top:5px;width:48%; margin-right: 4%;\"><div class=\"fusion-column-wrapper fusion-flex-column-wrapper-legacy\"><div class=\"fusion-title title fusion-title-1 sep-underline sep-solid fusion-title-text fusion-title-size-two\" style=\"--awb-sep-color:#e2e2e2;\"><h2 class=\"fusion-title-heading title-heading-left\" style=\"margin:0;\">Sp\u00e9cialistes dans le secteur<\/h2><\/div><div class=\"fusion-text fusion-text-1\"><p>TEDELTA propose \u00e0 ses clients un produit comp\u00e9titif dot\u00e9 d\u2019une technologie de pointe, facile \u00e0 incorporer \u00e0 leurs processus de production.<\/p>\n<p>Le contr\u00f4le strict des co\u00fbts, la technologie la plus moderne et la haute sp\u00e9cialisation de notre entreprise nous permettent de r\u00e9pondre avec succ\u00e8s aux contraintes exigeantes de la comp\u00e9titivit\u00e9.<\/p>\n<\/div><div class=\"fusion-clearfix\"><\/div><\/div><\/div><div class=\"fusion-layout-column fusion_builder_column fusion-builder-column-2 fusion_builder_column_1_2 1_2 fusion-one-half fusion-column-last\" style=\"--awb-padding-top:10px;--awb-padding-right:10px;--awb-padding-bottom:10px;--awb-padding-left:10px;--awb-bg-size:cover;--awb-margin-top:5px;width:48%;\"><div class=\"fusion-column-wrapper fusion-flex-column-wrapper-legacy\"><div class=\"fusion-title title fusion-title-2 sep-underline sep-solid fusion-title-text fusion-title-size-two\" style=\"--awb-sep-color:#e2e2e2;\"><h2 class=\"fusion-title-heading title-heading-left\" style=\"margin:0;\">Sp\u00e9cialit\u00e9s<\/h2><\/div><ul style=\"--awb-size:16px;--awb-line-height:27.2px;--awb-icon-width:27.2px;--awb-icon-height:27.2px;--awb-icon-margin:11.2px;--awb-content-margin:38.4px;--awb-circlecolor:#1e73be;--awb-circle-yes-font-size:14.08px;\" class=\"fusion-checklist fusion-checklist-1 fusion-checklist-default type-icons\"><li class=\"fusion-li-item\" style=\"\"><span class=\"icon-wrapper circle-yes\"><i class=\"fusion-li-icon fa fa-check\" aria-hidden=\"true\"><\/i><\/span><div class=\"fusion-li-item-content\">Technologie du bouchage<\/div><\/li><li class=\"fusion-li-item\" style=\"\"><span class=\"icon-wrapper circle-yes\"><i class=\"fusion-li-icon fa fa-check\" aria-hidden=\"true\"><\/i><\/span><div class=\"fusion-li-item-content\">Qualit\u00e9 du design et du d\u00e9veloppement de nos syst\u00e8mes.<\/div><\/li><li class=\"fusion-li-item\" style=\"\"><span class=\"icon-wrapper circle-yes\"><i class=\"fusion-li-icon fa fa-check\" aria-hidden=\"true\"><\/i><\/span><div class=\"fusion-li-item-content\">Qualit\u00e9 des mat\u00e9riaux et des fournisseurs s\u00e9lectionn\u00e9s<\/div><\/li><li class=\"fusion-li-item\" style=\"\"><span class=\"icon-wrapper circle-yes\"><i class=\"fusion-li-icon fa fa-check\" aria-hidden=\"true\"><\/i><\/span><div class=\"fusion-li-item-content\">Qualit\u00e9 des processus de fabrication, du montage et du service apr\u00e8s-vente<\/div><\/li><\/ul><div class=\"fusion-clearfix\"><\/div><\/div><\/div><div class=\"fusion-layout-column fusion_builder_column fusion-builder-column-3 fusion_builder_column_1_1 1_1 fusion-one-full fusion-column-first fusion-column-last fusion-column-no-min-height\" style=\"--awb-bg-size:cover;--awb-margin-bottom:0px;\"><div class=\"fusion-column-wrapper fusion-flex-column-wrapper-legacy\"><div class=\"fusion-title title fusion-title-3 sep-underline sep-solid fusion-title-text fusion-title-size-two\" style=\"--awb-sep-color:#e2e2e2;\"><h2 class=\"fusion-title-heading title-heading-left\" style=\"margin:0;\">Nos clients satisfaits<\/h2><\/div><div class=\"fusion-clearfix\"><\/div><\/div><\/div><div class=\"fusion-layout-column fusion_builder_column fusion-builder-column-4 fusion_builder_column_1_1 1_1 fusion-one-full fusion-column-first fusion-column-last fusion-column-no-min-height\" style=\"--awb-bg-size:cover;--awb-margin-bottom:0px;\"><div class=\"fusion-column-wrapper fusion-flex-column-wrapper-legacy\"><div class=\"fusion-image-carousel fusion-image-carousel-fixed fusion-image-carousel-1 lightbox-enabled\"><div class=\"awb-carousel awb-swiper awb-swiper-carousel\" data-autoplay=\"yes\" data-columns=\"6\" data-itemmargin=\"50\" data-itemwidth=\"180\" data-touchscroll=\"yes\" data-imagesize=\"fixed\" data-scrollitems=\"1\" style=\"--awb-columns:6;--awb-column-spacing:50px;\"><div class=\"swiper-wrapper awb-image-carousel-wrapper fusion-flex-align-items-center\"><div class=\"swiper-slide\"><div class=\"fusion-carousel-item-wrapper\"><div class=\"fusion-image-wrapper hover-type-none\"><img decoding=\"async\" width=\"211\" height=\"158\" src=\"https:\/\/tedelta.com\/wp-content\/uploads\/2015\/12\/logo_osborne-web-tedelta.jpg\" class=\"attachment-blog-medium size-blog-medium\" alt=\"logo_osborne-web-tedelta\" \/><\/div><\/div><\/div><div class=\"swiper-slide\"><div class=\"fusion-carousel-item-wrapper\"><div class=\"fusion-image-wrapper hover-type-none\"><img decoding=\"async\" width=\"200\" height=\"65\" src=\"https:\/\/tedelta.com\/wp-content\/uploads\/2015\/12\/repsolypf-logo-TEDELTA.jpg\" class=\"attachment-blog-medium size-blog-medium\" alt=\"repsolypf-logo-TEDELTA\" \/><\/div><\/div><\/div><div class=\"swiper-slide\"><div class=\"fusion-carousel-item-wrapper\"><div class=\"fusion-image-wrapper hover-type-none\"><img decoding=\"async\" width=\"300\" height=\"98\" src=\"https:\/\/tedelta.com\/wp-content\/uploads\/2015\/12\/Coca-Cola-TEDELTA.jpg\" class=\"attachment-blog-medium size-blog-medium\" alt=\"Coca-Cola-TEDELTA\" \/><\/div><\/div><\/div><div class=\"swiper-slide\"><div class=\"fusion-carousel-item-wrapper\"><div class=\"fusion-image-wrapper hover-type-none\"><img decoding=\"async\" width=\"200\" height=\"114\" src=\"https:\/\/tedelta.com\/wp-content\/uploads\/2015\/12\/Loreal-logo-TEDELTA.jpg\" class=\"attachment-blog-medium size-blog-medium\" alt=\"Loreal-logo-TEDELTA\" \/><\/div><\/div><\/div><div class=\"swiper-slide\"><div class=\"fusion-carousel-item-wrapper\"><div class=\"fusion-image-wrapper hover-type-none\"><img decoding=\"async\" width=\"120\" height=\"114\" src=\"https:\/\/tedelta.com\/wp-content\/uploads\/2015\/12\/Unilever-logo-web-Tedelta.jpg\" class=\"attachment-blog-medium size-blog-medium\" alt=\"Unilever-logo-web-Tedelta\" \/><\/div><\/div><\/div><div class=\"swiper-slide\"><div class=\"fusion-carousel-item-wrapper\"><div class=\"fusion-image-wrapper hover-type-none\"><img decoding=\"async\" width=\"320\" height=\"121\" src=\"https:\/\/tedelta.com\/wp-content\/uploads\/2015\/12\/hero_logo-320x121.gif\" class=\"attachment-blog-medium size-blog-medium\" alt=\"hero_logo\" \/><\/div><\/div><\/div><\/div><\/div><\/div><div class=\"fusion-clearfix\"><\/div><\/div><\/div><div class=\"fusion-layout-column fusion_builder_column fusion-builder-column-5 fusion_builder_column_1_1 1_1 fusion-one-full fusion-column-first fusion-column-last fusion-column-no-min-height\" style=\"--awb-bg-size:cover;--awb-margin-bottom:0px;\"><div class=\"fusion-column-wrapper fusion-flex-column-wrapper-legacy\"><div class=\"fusion-image-carousel fusion-image-carousel-fixed fusion-image-carousel-2 lightbox-enabled\"><div class=\"awb-carousel awb-swiper awb-swiper-carousel\" data-autoplay=\"yes\" data-columns=\"6\" data-itemmargin=\"50\" data-itemwidth=\"180\" data-touchscroll=\"yes\" data-imagesize=\"fixed\" data-scrollitems=\"1\" style=\"--awb-columns:6;--awb-column-spacing:50px;\"><div class=\"swiper-wrapper awb-image-carousel-wrapper fusion-flex-align-items-center\"><div class=\"swiper-slide\"><div class=\"fusion-carousel-item-wrapper\"><div class=\"fusion-image-wrapper hover-type-none\"><img decoding=\"async\" width=\"320\" height=\"202\" src=\"https:\/\/tedelta.com\/wp-content\/uploads\/2015\/12\/Colgate-logo-320x202.png\" class=\"attachment-blog-medium size-blog-medium\" alt=\"Colgate-logo\" \/><\/div><\/div><\/div><div class=\"swiper-slide\"><div class=\"fusion-carousel-item-wrapper\"><div class=\"fusion-image-wrapper hover-type-none\"><img decoding=\"async\" width=\"140\" height=\"93\" src=\"https:\/\/tedelta.com\/wp-content\/uploads\/2015\/12\/pepsi_logo-web-tedelta.jpg\" class=\"attachment-blog-medium size-blog-medium\" alt=\"pepsi_logo-web-tedelta\" \/><\/div><\/div><\/div><div class=\"swiper-slide\"><div class=\"fusion-carousel-item-wrapper\"><div class=\"fusion-image-wrapper hover-type-none\"><img decoding=\"async\" width=\"140\" height=\"94\" src=\"https:\/\/tedelta.com\/wp-content\/uploads\/2015\/12\/juver-logo-web-tedelta.jpg\" class=\"attachment-blog-medium size-blog-medium\" alt=\"juver-logo-web-tedelta\" \/><\/div><\/div><\/div><div class=\"swiper-slide\"><div class=\"fusion-carousel-item-wrapper\"><div class=\"fusion-image-wrapper hover-type-none\"><img decoding=\"async\" width=\"153\" height=\"113\" src=\"https:\/\/tedelta.com\/wp-content\/uploads\/2015\/12\/logo_alen.png\" class=\"attachment-blog-medium size-blog-medium\" alt=\"logo_alen\" \/><\/div><\/div><\/div><div class=\"swiper-slide\"><div class=\"fusion-carousel-item-wrapper\"><div class=\"fusion-image-wrapper hover-type-none\"><img decoding=\"async\" width=\"259\" height=\"99\" src=\"https:\/\/tedelta.com\/wp-content\/uploads\/2015\/12\/logo_carbonell.png\" class=\"attachment-blog-medium size-blog-medium\" alt=\"logo_carbonell\" \/><\/div><\/div><\/div><div class=\"swiper-slide\"><div class=\"fusion-carousel-item-wrapper\"><div class=\"fusion-image-wrapper hover-type-none\"><img decoding=\"async\" width=\"200\" height=\"130\" src=\"https:\/\/tedelta.com\/wp-content\/uploads\/2015\/12\/Fuji_Hunt_fujifilm_logo.jpg\" class=\"attachment-blog-medium size-blog-medium\" alt=\"Fuji_Hunt_fujifilm_logo\" \/><\/div><\/div><\/div><\/div><\/div><\/div><div class=\"fusion-clearfix\"><\/div><\/div><\/div><div class=\"fusion-layout-column fusion_builder_column fusion-builder-column-6 fusion_builder_column_1_1 1_1 fusion-one-full fusion-column-first fusion-column-last fusion-column-no-min-height\" style=\"--awb-bg-size:cover;--awb-margin-bottom:0px;\"><div class=\"fusion-column-wrapper fusion-flex-column-wrapper-legacy\"><div class=\"fusion-image-carousel fusion-image-carousel-fixed fusion-image-carousel-3 lightbox-enabled\"><div class=\"awb-carousel awb-swiper awb-swiper-carousel\" data-autoplay=\"yes\" data-columns=\"5\" data-itemmargin=\"50\" data-itemwidth=\"180\" data-touchscroll=\"yes\" data-imagesize=\"fixed\" data-scrollitems=\"1\" style=\"--awb-column-spacing:50px;\"><div class=\"swiper-wrapper awb-image-carousel-wrapper fusion-flex-align-items-center\"><div class=\"swiper-slide\"><div class=\"fusion-carousel-item-wrapper\"><div class=\"fusion-image-wrapper hover-type-none\"><img decoding=\"async\" width=\"180\" height=\"90\" src=\"https:\/\/tedelta.com\/wp-content\/uploads\/2015\/12\/rives_logo.png\" class=\"attachment-blog-medium size-blog-medium\" alt=\"rives_logo\" \/><\/div><\/div><\/div><div class=\"swiper-slide\"><div class=\"fusion-carousel-item-wrapper\"><div class=\"fusion-image-wrapper hover-type-none\"><img decoding=\"async\" width=\"150\" height=\"75\" src=\"https:\/\/tedelta.com\/wp-content\/uploads\/2015\/12\/logo_laespanola-web-tedelta.jpg\" class=\"attachment-blog-medium size-blog-medium\" alt=\"logo_laespanola-web-tedelta\" \/><\/div><\/div><\/div><div class=\"swiper-slide\"><div class=\"fusion-carousel-item-wrapper\"><div class=\"fusion-image-wrapper hover-type-none\"><img decoding=\"async\" width=\"126\" height=\"95\" src=\"https:\/\/tedelta.com\/wp-content\/uploads\/2015\/12\/larios-logo.jpg\" class=\"attachment-blog-medium size-blog-medium\" alt=\"larios-logo\" \/><\/div><\/div><\/div><div class=\"swiper-slide\"><div class=\"fusion-carousel-item-wrapper\"><div class=\"fusion-image-wrapper hover-type-none\"><img decoding=\"async\" width=\"200\" height=\"88\" src=\"https:\/\/tedelta.com\/wp-content\/uploads\/2015\/12\/logo_cidacos.png\" class=\"attachment-blog-medium size-blog-medium\" alt=\"logo_cidacos\" \/><\/div><\/div><\/div><div class=\"swiper-slide\"><div class=\"fusion-carousel-item-wrapper\"><div class=\"fusion-image-wrapper hover-type-none\"><img decoding=\"async\" width=\"140\" height=\"112\" src=\"https:\/\/tedelta.com\/wp-content\/uploads\/2015\/12\/Jnj-logo-web-tedelta.jpg\" class=\"attachment-blog-medium size-blog-medium\" alt=\"Jnj-logo-web-tedelta\" \/><\/div><\/div><\/div><div class=\"swiper-slide\"><div class=\"fusion-carousel-item-wrapper\"><div class=\"fusion-image-wrapper hover-type-none\"><img decoding=\"async\" width=\"175\" height=\"105\" src=\"https:\/\/tedelta.com\/wp-content\/uploads\/2015\/12\/LogoBorges-web-Tedelta.jpg\" class=\"attachment-blog-medium size-blog-medium\" alt=\"LogoBorges-web-Tedelta\" \/><\/div><\/div><\/div><div class=\"swiper-slide\"><div class=\"fusion-carousel-item-wrapper\"><div class=\"fusion-image-wrapper hover-type-none\"><img decoding=\"async\" width=\"190\" height=\"138\" src=\"https:\/\/tedelta.com\/wp-content\/uploads\/2015\/12\/lala-logotipo.png\" class=\"attachment-blog-medium size-blog-medium\" alt=\"\" \/><\/div><\/div><\/div><\/div><\/div><\/div><div class=\"fusion-clearfix\"><\/div><\/div><\/div><\/div><\/div><div class=\"fusion-fullwidth fullwidth-box fusion-builder-row-2 fusion-parallax-none nonhundred-percent-fullwidth non-hundred-percent-height-scrolling\" style=\"--awb-background-position:left top;--awb-border-radius-top-left:0px;--awb-border-radius-top-right:0px;--awb-border-radius-bottom-right:0px;--awb-border-radius-bottom-left:0px;--awb-padding-top:100px;--awb-padding-right:0px;--awb-padding-bottom:100px;--awb-padding-left:0px;--awb-background-image:url(&quot;https:\/\/tedelta.com\/wp-content\/uploads\/2014\/06\/bkgd_bw2.jpg&quot;);--awb-background-size:cover;--awb-border-sizes-top:0px;--awb-border-sizes-bottom:0px;--awb-flex-wrap:wrap;\" ><div class=\"fusion-builder-row fusion-row\"><div class=\"fusion-layout-column fusion_builder_column fusion-builder-column-7 fusion_builder_column_1_1 1_1 fusion-one-full fusion-column-first fusion-column-last\" style=\"--awb-bg-size:cover;\"><div class=\"fusion-column-wrapper fusion-flex-column-wrapper-legacy\"><div class=\"fusion-title title fusion-title-4 sep-underline sep-solid fusion-title-text fusion-title-size-two\" style=\"--awb-sep-color:#1e73be;\"><h2 class=\"fusion-title-heading title-heading-left\" style=\"margin:0;\">Nos Valeurs<\/h2><\/div><div class=\"fusion-text fusion-text-2\"><p>Au sein de TEDELTA, nous sommes convaincus que les valeurs d\u2019une entreprise doivent \u00eatre celles qui b\u00e9n\u00e9ficient de mani\u00e8re g\u00e9n\u00e9rale et particuli\u00e8re \u00e0 toutes les parties impliqu\u00e9es dans la relation avec l\u2019entreprise\u00a0; elles doivent \u00eatre larges sous tous leurs aspects et \u00eatre appliqu\u00e9es partout, que ce soit chez nos clients, nos fournisseurs, nos employ\u00e9s, etc.<\/p>\n<\/div><div class=\"fusion-clearfix\"><\/div><\/div><\/div><div class=\"fusion-layout-column fusion_builder_column fusion-builder-column-8 fusion_builder_column_1_2 1_2 fusion-one-half fusion-column-first\" style=\"--awb-bg-size:cover;width:48%; margin-right: 4%;\"><div class=\"fusion-column-wrapper fusion-flex-column-wrapper-legacy\"><ul style=\"--awb-size:18px;--awb-iconcolor:#1e73be;--awb-line-height:30.6px;--awb-icon-width:30.6px;--awb-icon-height:30.6px;--awb-icon-margin:12.6px;--awb-content-margin:43.2px;\" class=\"fusion-checklist fusion-checklist-2 fusion-checklist-default type-icons\"><li class=\"fusion-li-item\" style=\"\"><span class=\"icon-wrapper circle-no\"><i class=\"fusion-li-icon fa fa-chevron-right\" aria-hidden=\"true\"><\/i><\/span><div class=\"fusion-li-item-content\">Honn\u00eatet\u00e9 et respect.<\/div><\/li><li class=\"fusion-li-item\" style=\"\"><span class=\"icon-wrapper circle-no\"><i class=\"fusion-li-icon fa fa-chevron-right\" aria-hidden=\"true\"><\/i><\/span><div class=\"fusion-li-item-content\">Responsabilit\u00e9.<\/div><\/li><li class=\"fusion-li-item\" style=\"\"><span class=\"icon-wrapper circle-no\"><i class=\"fusion-li-icon fa fa-chevron-right\" aria-hidden=\"true\"><\/i><\/span><div class=\"fusion-li-item-content\">La qualit\u00e9 comme mode int\u00e9gral de vie et de travail.<\/div><\/li><\/ul><div class=\"fusion-clearfix\"><\/div><\/div><\/div><div class=\"fusion-layout-column fusion_builder_column fusion-builder-column-9 fusion_builder_column_1_2 1_2 fusion-one-half fusion-column-last\" style=\"--awb-bg-size:cover;width:48%;\"><div class=\"fusion-column-wrapper fusion-flex-column-wrapper-legacy\"><ul style=\"--awb-size:18px;--awb-iconcolor:#1e73be;--awb-line-height:30.6px;--awb-icon-width:30.6px;--awb-icon-height:30.6px;--awb-icon-margin:12.6px;--awb-content-margin:43.2px;\" class=\"fusion-checklist fusion-checklist-3 fusion-checklist-default type-icons\"><li class=\"fusion-li-item\" style=\"\"><span class=\"icon-wrapper circle-no\"><i class=\"fusion-li-icon fa fa-chevron-right\" aria-hidden=\"true\"><\/i><\/span><div class=\"fusion-li-item-content\">D\u00e9vouement et effort.<\/div><\/li><li class=\"fusion-li-item\" style=\"\"><span class=\"icon-wrapper circle-no\"><i class=\"fusion-li-icon fa fa-chevron-right\" aria-hidden=\"true\"><\/i><\/span><div class=\"fusion-li-item-content\">Passion pour l\u2019ing\u00e9nierie et la manufacture.<\/div><\/li><li class=\"fusion-li-item\" style=\"\"><span class=\"icon-wrapper circle-no\"><i class=\"fusion-li-icon fa fa-chevron-right\" aria-hidden=\"true\"><\/i><\/span><div class=\"fusion-li-item-content\">Engagement dans les temps et dans les formes.<\/div><\/li><\/ul><div class=\"fusion-clearfix\"><\/div><\/div><\/div><\/div><\/div><div class=\"fusion-fullwidth fullwidth-box fusion-builder-row-3 hundred-percent-fullwidth non-hundred-percent-height-scrolling\" style=\"--awb-border-radius-top-left:0px;--awb-border-radius-top-right:0px;--awb-border-radius-bottom-right:0px;--awb-border-radius-bottom-left:0px;--awb-overflow:visible;--awb-padding-right:30px;--awb-padding-left:30px;--awb-flex-wrap:wrap;\" ><div class=\"fusion-builder-row fusion-row\"><div class=\"fusion-layout-column fusion_builder_column fusion-builder-column-10 fusion_builder_column_1_1 1_1 fusion-one-full fusion-column-first fusion-column-last fusion-column-no-min-height\" style=\"--awb-bg-size:cover;--awb-margin-bottom:0px;\"><div class=\"fusion-column-wrapper fusion-flex-column-wrapper-legacy\"><div class=\"fusion-section-separator section-separator triangle fusion-section-separator-1\" style=\"--awb-border-bottom:1px solid #1e73be;--awb-spacer-height:1px;--awb-svg-margin-left:0;--awb-svg-margin-right:0;--awb-icon-color:#ffffff;\"><div class=\"fusion-section-separator-svg\"><div class=\"divider-candy-arrow bottom\" style=\"top:0px;border-top-color: #1e73be;\"><\/div><div class=\"divider-candy bottom\" style=\"bottom:-21px;border-bottom:1px solid #1e73be;border-left:1px solid #1e73be;\"><\/div><\/div><div class=\"fusion-section-separator-spacer\"><div class=\"fusion-section-separator-spacer-height\"><\/div><\/div><\/div><div class=\"fusion-sep-clear\"><\/div><div class=\"fusion-separator fusion-full-width-sep\" style=\"margin-left: auto;margin-right: auto;width:100%;\"><\/div><div class=\"fusion-sep-clear\"><\/div><div class=\"fusion-clearfix\"><\/div><\/div><\/div><\/div><\/div><div class=\"fusion-fullwidth fullwidth-box fusion-builder-row-4 nonhundred-percent-fullwidth non-hundred-percent-height-scrolling\" style=\"--awb-background-position:left top;--awb-border-radius-top-left:0px;--awb-border-radius-top-right:0px;--awb-border-radius-bottom-right:0px;--awb-border-radius-bottom-left:0px;--awb-padding-top:70px;--awb-padding-right:0px;--awb-padding-bottom:0px;--awb-padding-left:0px;--awb-border-sizes-top:0px;--awb-border-sizes-bottom:0px;--awb-flex-wrap:wrap;\" ><div class=\"fusion-builder-row fusion-row\"><div class=\"fusion-layout-column fusion_builder_column fusion-builder-column-11 fusion_builder_column_1_1 1_1 fusion-one-full fusion-column-first fusion-column-last fusion-column-no-min-height\" style=\"--awb-bg-size:cover;--awb-margin-bottom:0px;\"><div class=\"fusion-column-wrapper fusion-flex-column-wrapper-legacy\"><div class=\"fusion-sep-clear\"><\/div><div class=\"fusion-separator fusion-full-width-sep fusion-clearfix\" style=\"float:left;margin-top:200px;margin-bottom:100px;width:100%;\"><\/div><div class=\"fusion-sep-clear\"><\/div><div class=\"fusion-text fusion-text-3\"><h1 style=\"text-align: center; font-size: 30px !important;\">Toujours \u00e0 votre disposition et \u00e0 votre service\u00a0!<\/h1>\n<\/div><div class=\"fusion-aligncenter\"><a class=\"fusion-button button-flat button-xlarge button-custom fusion-button-default button-1 fusion-button-default-span fusion-animated\" style=\"--button_accent_color:#ffffff;--button_accent_hover_color:#1e73be;--button_border_hover_color:#1e73be;--button_border_width-top:2px;--button_border_width-right:2px;--button_border_width-bottom:2px;--button_border_width-left:2px;--button-border-radius-top-left:2px;--button-border-radius-top-right:2px;--button-border-radius-bottom-right:2px;--button-border-radius-bottom-left:2px;--button_gradient_top_color:#1e73be;--button_gradient_bottom_color:#1e73be;--button_gradient_top_color_hover:#ffffff;--button_gradient_bottom_color_hover:#ffffff;\" data-animationType=\"bounceInUp\" data-animationDuration=\"1\" data-animationOffset=\"top-into-view\" target=\"_self\" href=\"https:\/\/tedelta.com\/fr\/contacto\"><span class=\"fusion-button-text\">CONTACTEZ-NOUS<\/span><\/a><\/div><div class=\"fusion-sep-clear\"><\/div><div class=\"fusion-separator fusion-full-width-sep fusion-clearfix\" style=\"float:left;margin-top:200px;margin-bottom:100px;width:100%;\"><\/div><div class=\"fusion-sep-clear\"><\/div><div class=\"fusion-clearfix\"><\/div><\/div><\/div><\/div><\/div>\n","protected":false},"excerpt":{"rendered":"","protected":false},"author":6,"featured_media":0,"parent":0,"menu_order":0,"comment_status":"closed","ping_status":"closed","template":"100-width.php","meta":{"footnotes":""},"class_list":["post-13628","page","type-page","status-publish","hentry"],"_links":{"self":[{"href":"https:\/\/tedelta.com\/fr\/wp-json\/wp\/v2\/pages\/13628"}],"collection":[{"href":"https:\/\/tedelta.com\/fr\/wp-json\/wp\/v2\/pages"}],"about":[{"href":"https:\/\/tedelta.com\/fr\/wp-json\/wp\/v2\/types\/page"}],"author":[{"embeddable":true,"href":"https:\/\/tedelta.com\/fr\/wp-json\/wp\/v2\/users\/6"}],"replies":[{"embeddable":true,"href":"https:\/\/tedelta.com\/fr\/wp-json\/wp\/v2\/comments?post=13628"}],"version-history":[{"count":0,"href":"https:\/\/tedelta.com\/fr\/wp-json\/wp\/v2\/pages\/13628\/revisions"}],"wp:attachment":[{"href":"https:\/\/tedelta.com\/fr\/wp-json\/wp\/v2\/media?parent=13628"}],"curies":[{"name":"wp","href":"https:\/\/api.w.org\/{rel}","templated":true}]}}