{"id":13599,"date":"2015-10-08T09:19:28","date_gmt":"2015-10-08T09:19:28","guid":{"rendered":"https:\/\/tedelta.com\/fr\/semiautomaticas-2\/especiales\/"},"modified":"2021-02-12T14:54:14","modified_gmt":"2021-02-12T13:54:14","slug":"especiales","status":"publish","type":"page","link":"https:\/\/tedelta.com\/fr\/semiautomaticas-2\/especiales\/","title":{"rendered":"Especiales"},"content":{"rendered":"<div class=\"fusion-fullwidth fullwidth-box fusion-builder-row-1 hundred-percent-fullwidth non-hundred-percent-height-scrolling\" style=\"--awb-background-position:left top;--awb-border-radius-top-left:0px;--awb-border-radius-top-right:0px;--awb-border-radius-bottom-right:0px;--awb-border-radius-bottom-left:0px;--awb-padding-top:0px;--awb-padding-right:0px;--awb-padding-bottom:0px;--awb-padding-left:0px;--awb-border-sizes-top:0px;--awb-border-sizes-bottom:0px;--awb-flex-wrap:wrap;\" ><div class=\"fusion-builder-row fusion-row\"><div class=\"fusion-layout-column fusion_builder_column fusion-builder-column-0 fusion_builder_column_1_1 1_1 fusion-one-full fusion-column-first fusion-column-last fusion-column-no-min-height\" style=\"--awb-bg-size:cover;--awb-margin-bottom:0px;\"><div class=\"fusion-column-wrapper fusion-flex-column-wrapper-legacy\"><div class=\"fusion-section-separator section-separator triangle fusion-section-separator-1\" style=\"--awb-border-bottom:1px solid #1e73be;--awb-spacer-height:1px;--awb-svg-margin-left:0;--awb-svg-margin-right:0;--awb-icon-color:#1e73be;\"><div class=\"fusion-section-separator-svg\"><div class=\"divider-candy-arrow bottom\" style=\"top:0px;border-top-color: #1e73be;\"><\/div><div class=\"divider-candy bottom\" style=\"bottom:-21px;border-bottom:1px solid #1e73be;border-left:1px solid #1e73be;\"><\/div><\/div><div class=\"fusion-section-separator-spacer\"><div class=\"fusion-section-separator-spacer-height\"><\/div><\/div><\/div><div class=\"fusion-sep-clear\"><\/div><div class=\"fusion-separator fusion-full-width-sep\" style=\"margin-left: auto;margin-right: auto;margin-top:30px;margin-bottom:15px;width:100%;\"><\/div><div class=\"fusion-sep-clear\"><\/div><div class=\"fusion-sep-clear\"><\/div><div class=\"fusion-separator fusion-full-width-sep\" style=\"margin-left: auto;margin-right: auto;margin-top:30px;margin-bottom:15px;width:100%;\"><\/div><div class=\"fusion-sep-clear\"><\/div><div class=\"fusion-text fusion-text-1\"><h1 style=\"text-align: center; font-size: 30px !important;\"><span style=\"color: #808080;\">SP\u00c9CIALES<\/span><\/h1>\n<\/div><div class=\"fusion-clearfix\"><\/div><\/div><\/div><\/div><\/div><div class=\"fusion-fullwidth fullwidth-box fusion-builder-row-2 nonhundred-percent-fullwidth non-hundred-percent-height-scrolling fusion-equal-height-columns\" style=\"--awb-background-position:center top;--awb-border-style:dashed;--awb-border-radius-top-left:0px;--awb-border-radius-top-right:0px;--awb-border-radius-bottom-right:0px;--awb-border-radius-bottom-left:0px;--awb-padding-top:75px;--awb-padding-bottom:;--awb-background-color:#ffffff;--awb-border-sizes-top:0px;--awb-border-sizes-bottom:0px;--awb-flex-wrap:wrap;\" ><div class=\"fusion-builder-row fusion-row\"><div class=\"fusion-layout-column fusion_builder_column fusion-builder-column-1 fusion_builder_column_1_2 1_2 fusion-one-half fusion-column-first\" style=\"--awb-bg-size:cover;--awb-border-color:#1e73be;--awb-border-top:0px;--awb-border-right:0px;--awb-border-bottom:0px;--awb-border-left:0px;--awb-border-style:solid;width:48%; margin-right: 4%;\"><div class=\"fusion-column-wrapper fusion-flex-column-wrapper-legacy\"><div class=\"fusion-text fusion-text-2\"><h2 style=\"text-align: center; color: #4092dd;\">TEDELTA CAR-1010-TR-VC<\/h2>\n<\/div><div class=\"fusion-slider-sc fusion-flexslider-loading flexslider flexslider-hover-type-none\" data-slideshow_autoplay=\"1\" data-slideshow_smooth_height=\"0\" data-slideshow_speed=\"7000\" style=\"max-width:100%;height:100%;\"><ul class=\"slides\"><li class=\"image\"><span class=\"fusion-image-hover-element hover-type-none\"><img decoding=\"async\" src=\"https:\/\/tedelta.com\/wp-content\/uploads\/2020\/10\/1-2.jpg\" width=\"500\" height=\"700\" class=\"wp-image-18550\" srcset=\"https:\/\/tedelta.com\/wp-content\/uploads\/2020\/10\/1-2-200x280.jpg 200w, https:\/\/tedelta.com\/wp-content\/uploads\/2020\/10\/1-2-400x560.jpg 400w, https:\/\/tedelta.com\/wp-content\/uploads\/2020\/10\/1-2.jpg 500w\" sizes=\"(max-width: 800px) 100vw, 500px\" \/><\/span><\/li><li class=\"image\"><span class=\"fusion-image-hover-element hover-type-none\"><img decoding=\"async\" src=\"https:\/\/tedelta.com\/wp-content\/uploads\/2020\/10\/3-3.jpg\" width=\"500\" height=\"700\" class=\"wp-image-18556\" srcset=\"https:\/\/tedelta.com\/wp-content\/uploads\/2020\/10\/3-3-200x280.jpg 200w, https:\/\/tedelta.com\/wp-content\/uploads\/2020\/10\/3-3-400x560.jpg 400w, https:\/\/tedelta.com\/wp-content\/uploads\/2020\/10\/3-3.jpg 500w\" sizes=\"(max-width: 800px) 100vw, 500px\" \/><\/span><\/li><li class=\"image\"><span class=\"fusion-image-hover-element hover-type-none\"><img decoding=\"async\" src=\"https:\/\/tedelta.com\/wp-content\/uploads\/2020\/10\/2-2.jpg\" width=\"500\" height=\"700\" class=\"wp-image-18553\" srcset=\"https:\/\/tedelta.com\/wp-content\/uploads\/2020\/10\/2-2-200x280.jpg 200w, https:\/\/tedelta.com\/wp-content\/uploads\/2020\/10\/2-2-400x560.jpg 400w, https:\/\/tedelta.com\/wp-content\/uploads\/2020\/10\/2-2.jpg 500w\" sizes=\"(max-width: 800px) 100vw, 500px\" \/><\/span><\/li><li class=\"image\"><span class=\"fusion-image-hover-element hover-type-none\"><img decoding=\"async\" src=\"https:\/\/tedelta.com\/wp-content\/uploads\/2020\/10\/4.jpg\" width=\"500\" height=\"700\" class=\"wp-image-18559\" srcset=\"https:\/\/tedelta.com\/wp-content\/uploads\/2020\/10\/4-200x280.jpg 200w, https:\/\/tedelta.com\/wp-content\/uploads\/2020\/10\/4-400x560.jpg 400w, https:\/\/tedelta.com\/wp-content\/uploads\/2020\/10\/4.jpg 500w\" sizes=\"(max-width: 800px) 100vw, 500px\" \/><\/span><\/li><li class=\"image\"><span class=\"fusion-image-hover-element hover-type-none\"><img decoding=\"async\" src=\"https:\/\/tedelta.com\/wp-content\/uploads\/2020\/10\/5-3.jpg\" width=\"500\" height=\"700\" class=\"wp-image-18562\" srcset=\"https:\/\/tedelta.com\/wp-content\/uploads\/2020\/10\/5-3-200x280.jpg 200w, https:\/\/tedelta.com\/wp-content\/uploads\/2020\/10\/5-3-400x560.jpg 400w, https:\/\/tedelta.com\/wp-content\/uploads\/2020\/10\/5-3.jpg 500w\" sizes=\"(max-width: 800px) 100vw, 500px\" \/><\/span><\/li><li class=\"image\"><span class=\"fusion-image-hover-element hover-type-none\"><img decoding=\"async\" src=\"https:\/\/tedelta.com\/wp-content\/uploads\/2020\/10\/6-2.jpg\" width=\"500\" height=\"700\" class=\"wp-image-18565\" srcset=\"https:\/\/tedelta.com\/wp-content\/uploads\/2020\/10\/6-2-200x280.jpg 200w, https:\/\/tedelta.com\/wp-content\/uploads\/2020\/10\/6-2-400x560.jpg 400w, https:\/\/tedelta.com\/wp-content\/uploads\/2020\/10\/6-2.jpg 500w\" sizes=\"(max-width: 800px) 100vw, 500px\" \/><\/span><\/li><li class=\"image\"><span class=\"fusion-image-hover-element hover-type-none\"><img decoding=\"async\" src=\"https:\/\/tedelta.com\/wp-content\/uploads\/2020\/10\/7-1.jpg\" width=\"500\" height=\"700\" class=\"wp-image-18288\" srcset=\"https:\/\/tedelta.com\/wp-content\/uploads\/2020\/10\/7-1-200x280.jpg 200w, https:\/\/tedelta.com\/wp-content\/uploads\/2020\/10\/7-1-400x560.jpg 400w, https:\/\/tedelta.com\/wp-content\/uploads\/2020\/10\/7-1.jpg 500w\" sizes=\"(max-width: 800px) 100vw, 500px\" \/><\/span><\/li><li class=\"image\"><span class=\"fusion-image-hover-element hover-type-none\"><img decoding=\"async\" src=\"https:\/\/tedelta.com\/wp-content\/uploads\/2020\/10\/7-2.jpg\" width=\"500\" height=\"700\" class=\"wp-image-18571\" srcset=\"https:\/\/tedelta.com\/wp-content\/uploads\/2020\/10\/7-2-200x280.jpg 200w, https:\/\/tedelta.com\/wp-content\/uploads\/2020\/10\/7-2-400x560.jpg 400w, https:\/\/tedelta.com\/wp-content\/uploads\/2020\/10\/7-2.jpg 500w\" sizes=\"(max-width: 800px) 100vw, 500px\" \/><\/span><\/li><\/ul><\/div><div class=\"fusion-clearfix\"><\/div><\/div><\/div><div class=\"fusion-layout-column fusion_builder_column fusion-builder-column-2 fusion_builder_column_1_2 1_2 fusion-one-half fusion-column-last\" style=\"--awb-bg-size:cover;width:48%;\"><div class=\"fusion-column-wrapper fusion-flex-column-wrapper-legacy\"><div class=\"fusion-text fusion-text-3\"><p><strong>La ma\u00eetrise de notre m\u00e9tier et des diff\u00e9rentes technologies qui interviennent dans tous ses processus nous permettent de satisfaire pleinement tous les besoins de nos clients.<\/strong><\/p>\n<\/div><div class=\"fusion-sep-clear\"><\/div><div class=\"fusion-separator fusion-has-icon fusion-full-width-sep\" style=\"margin-left: auto;margin-right: auto;margin-top:30px;margin-bottom:50px;width:100%;\"><div class=\"fusion-separator-border sep-single sep-solid\" style=\"--awb-height:20px;--awb-amount:20px;--awb-sep-color:#1e73be;border-color:#1e73be;border-top-width:1px;\"><\/div><span class=\"icon-wrapper\" style=\"border-color:#1e73be;background-color:#ffffff;font-size:13px;width: 1.75em; height: 1.75em;border-width:1px;padding:1px;margin-top:-0.5px\"><i class=\" fa fa-cogs\" style=\"font-size: inherit;color:#1e73be;\" aria-hidden=\"true\"><\/i><\/span><div class=\"fusion-separator-border sep-single sep-solid\" style=\"--awb-height:20px;--awb-amount:20px;--awb-sep-color:#1e73be;border-color:#1e73be;border-top-width:1px;\"><\/div><\/div><div class=\"fusion-sep-clear\"><\/div><div class=\"fusion-sep-clear\"><\/div><div class=\"fusion-separator fusion-full-width-sep\" style=\"margin-left: auto;margin-right: auto;margin-top:10px;margin-bottom:20px;width:100%;\"><\/div><div class=\"fusion-sep-clear\"><\/div><div class=\"fusion-text fusion-text-4\"><p>Pour cela, nous disposons d\u2019une longue exp\u00e9rience dans l\u2019ADAPTATION de nos produits et processus, qui nous permettent de nous ajuster aux exigences CONCR\u00c8TES de nos clients.<\/p>\n<ul>\n<li>Constructions enti\u00e8rement en acier\u00a0\u00a0inoxydable AISI 316, et composants sp\u00e9ciaux r\u00e9sistants aux milieux corrosifs et aux hautes temp\u00e9ratures.<\/li>\n<li>Constructions de machines aseptiques, avec rev\u00eatements int\u00e9rieurs sp\u00e9cifiques isolant la tourelle et les zones de graissage et avec lubrification automatique.<\/li>\n<li>Int\u00e9gration de servocommandes\u00a0qui permettent la commande informatis\u00e9e de la rotation de la t\u00eate, les r\u00e9glages de couple, la d\u00e9tection de fermetures d\u00e9fectueuses\u2026<\/li>\n<li>Construction de machine prot\u00e9g\u00e9e contre les explosions (Explosion-Proof), pour les atmosph\u00e8res inflammables.<\/li>\n<\/ul>\n<p>Nous adaptons nos \u00e9quipements, depuis des designs sp\u00e9ciaux de bouchons et bouteilles jusqu\u2019\u00e0 l\u2019installation de syst\u00e8mes de bouchage adapt\u00e9s \u00e0 l\u2019espace requis par le client.<\/p>\n<p><strong><u>TEDELTA CAR-1010-TR-VC<\/u><\/strong> <strong><u>\u00a0\u00a0\u00a0\u00a0\u00a0\u00a0\u00a0\u00a0\u00a0\u00a0\u00a0\u00a0\u00a0 <\/u><\/strong><\/p>\n<ul>\n<li><strong>Machine Pick\u00a0<\/strong>&amp; Place rotative avec 10 t\u00eates de mise sous vide pour l\u2019application de couvercles de bols \u00e0 c\u00e9r\u00e9ales de <strong>100\u00d8<\/strong><strong> \u00e0 raison d\u2019environ 12.000 couvercles\/heure.<\/strong><\/li>\n<li><strong>Double syst\u00e8me d\u2019alimentation sp\u00e9cial \u00e0 tapis convoyeur horizontal pour traiter les couvercles et les aliments en cascade.<\/strong><\/li>\n<li>Machine \u00e0 r\u00e9glage rapide pour appliquer d\u2019autres formes de bouchons\/couvercles.<\/li>\n<\/ul>\n<p><a href=\"https:\/\/tedelta.com\/productos\/soluciones-a-medida-3\/\"><strong>\u00c0 TEDELTA, nous pr\u00e9f\u00e9rons le \u00abcostume sur mesure\u00a0\u00bb.<\/strong><\/a><\/p>\n<p><em>C\u2019est notre sp\u00e9cialit\u00e9 et nos clients le savent bien.<\/em><\/p>\n<p><strong>Secteurs<\/strong><\/p>\n<ul>\n<li>Produits cosm\u00e9tiques et Pharmaceutiques, Boissons et Alimentation, Produits Chimiques (peintures, lubrifiants, produits d\u2019entretien).<\/li>\n<\/ul>\n<\/div><div class=\"fusion-text fusion-text-5\"><p><strong>Secteurs<\/strong><\/p>\n<\/div><ul style=\"--awb-size:13px;--awb-iconcolor:#1e73be;--awb-line-height:22.1px;--awb-icon-width:22.1px;--awb-icon-height:22.1px;--awb-icon-margin:9.1px;--awb-content-margin:31.2px;\" class=\"fusion-checklist fusion-checklist-1 fusion-checklist-default type-icons\"><li class=\"fusion-li-item\" style=\"\"><span class=\"icon-wrapper circle-no\"><i class=\"fusion-li-icon fa fa-check\" aria-hidden=\"true\"><\/i><\/span><div class=\"fusion-li-item-content\">Produits cosm\u00e9tiques et Pharmaceutiques, Boissons et Alimentation, Produits Chimiques (peintures, lubrifiants, produits d\u2019entretien). <\/div><\/li><\/ul><div class=\"fusion-sep-clear\"><\/div><div class=\"fusion-separator fusion-full-width-sep\" style=\"margin-left: auto;margin-right: auto;margin-top:5px;margin-bottom:10px;width:100%;\"><\/div><div class=\"fusion-sep-clear\"><\/div><div class=\"fusion-sep-clear\"><\/div><div class=\"fusion-separator fusion-has-icon fusion-full-width-sep\" style=\"margin-left: auto;margin-right: auto;margin-top:30px;margin-bottom:50px;width:100%;\"><div class=\"fusion-separator-border sep-single sep-solid\" style=\"--awb-height:20px;--awb-amount:20px;--awb-sep-color:#1e73be;border-color:#1e73be;border-top-width:1px;\"><\/div><span class=\"icon-wrapper\" style=\"border-color:#1e73be;background-color:#ffffff;font-size:13px;width: 1.75em; height: 1.75em;border-width:1px;padding:1px;margin-top:-0.5px\"><i class=\" fa fa-cogs\" style=\"font-size: inherit;color:#1e73be;\" aria-hidden=\"true\"><\/i><\/span><div class=\"fusion-separator-border sep-single sep-solid\" style=\"--awb-height:20px;--awb-amount:20px;--awb-sep-color:#1e73be;border-color:#1e73be;border-top-width:1px;\"><\/div><\/div><div class=\"fusion-sep-clear\"><\/div><div class=\"fusion-clearfix\"><\/div><\/div><\/div><\/div><\/div><div class=\"fusion-fullwidth fullwidth-box fusion-builder-row-3 nonhundred-percent-fullwidth non-hundred-percent-height-scrolling\" style=\"--awb-background-position:left top;--awb-border-color:#ffffff;--awb-border-radius-top-left:0px;--awb-border-radius-top-right:0px;--awb-border-radius-bottom-right:0px;--awb-border-radius-bottom-left:0px;--awb-padding-top:30px;--awb-padding-bottom:30px;--awb-background-color:#ffffff;--awb-border-sizes-top:1px;--awb-border-sizes-bottom:1px;--awb-flex-wrap:wrap;\" ><div class=\"fusion-builder-row fusion-row\"><div class=\"fusion-layout-column fusion_builder_column fusion-builder-column-3 fusion_builder_column_1_1 1_1 fusion-one-full fusion-column-first fusion-column-last fusion-column-no-min-height\" style=\"--awb-bg-size:cover;--awb-margin-bottom:0px;\"><div class=\"fusion-column-wrapper fusion-flex-column-wrapper-legacy\"><div class=\"fusion-title title fusion-title-1 fusion-title-text fusion-title-size-two\" style=\"--awb-sep-color:#1e73be;\"><h2 class=\"fusion-title-heading title-heading-left\" style=\"margin:0;\">Bouchons compatibles<\/h2><span class=\"awb-title-spacer\"><\/span><div class=\"title-sep-container\"><div class=\"title-sep sep-double sep-solid\" style=\"border-color:#1e73be;\"><\/div><\/div><\/div><div class=\"fusion-clearfix\"><\/div><\/div><\/div><div class=\"fusion-layout-column fusion_builder_column fusion-builder-column-4 fusion_builder_column_1_1 1_1 fusion-one-full fusion-column-first fusion-column-last fusion-column-no-min-height\" style=\"--awb-bg-size:cover;--awb-margin-bottom:0px;\"><div class=\"fusion-column-wrapper fusion-flex-column-wrapper-legacy\"><div class=\"fusion-image-carousel fusion-image-carousel-auto fusion-image-carousel-1 lightbox-enabled fusion-carousel-border\"><div class=\"awb-carousel awb-swiper awb-swiper-carousel\" data-autoplay=\"yes\" data-columns=\"5\" data-itemmargin=\"10\" data-itemwidth=\"180\" data-touchscroll=\"yes\" data-imagesize=\"auto\" data-scrollitems=\"Tapones a procesar\" style=\"--awb-column-spacing:10px;\"><div class=\"swiper-wrapper awb-image-carousel-wrapper fusion-flex-align-items-center\"><div class=\"swiper-slide\"><div class=\"fusion-carousel-item-wrapper\"><div class=\"fusion-image-wrapper hover-type-none\"><img decoding=\"async\" width=\"267\" height=\"192\" src=\"https:\/\/tedelta.com\/wp-content\/uploads\/2015\/10\/ESPECIALES-A1.jpg\" class=\"attachment-full size-full\" alt=\"ESPECIALES A1\" \/><\/div><\/div><\/div><div class=\"swiper-slide\"><div class=\"fusion-carousel-item-wrapper\"><div class=\"fusion-image-wrapper hover-type-none\"><img decoding=\"async\" width=\"267\" height=\"192\" src=\"https:\/\/tedelta.com\/wp-content\/uploads\/2015\/10\/ESPECIALES-A3.jpg\" class=\"attachment-full size-full\" alt=\"ESPECIALES A3\" \/><\/div><\/div><\/div><div class=\"swiper-slide\"><div class=\"fusion-carousel-item-wrapper\"><div class=\"fusion-image-wrapper hover-type-none\"><img decoding=\"async\" width=\"267\" height=\"192\" src=\"https:\/\/tedelta.com\/wp-content\/uploads\/2015\/10\/ESPECIALES-A5.jpg\" class=\"attachment-full size-full\" alt=\"ESPECIALES A5\" \/><\/div><\/div><\/div><div class=\"swiper-slide\"><div class=\"fusion-carousel-item-wrapper\"><div class=\"fusion-image-wrapper hover-type-none\"><img decoding=\"async\" width=\"267\" height=\"192\" src=\"https:\/\/tedelta.com\/wp-content\/uploads\/2015\/10\/ESPECIALES-B10.jpg\" class=\"attachment-full size-full\" alt=\"ESPECIALES B10\" \/><\/div><\/div><\/div><div class=\"swiper-slide\"><div class=\"fusion-carousel-item-wrapper\"><div class=\"fusion-image-wrapper hover-type-none\"><img decoding=\"async\" width=\"267\" height=\"192\" src=\"https:\/\/tedelta.com\/wp-content\/uploads\/2015\/10\/ESPECIALES-A12.jpg\" class=\"attachment-full size-full\" alt=\"ESPECIALES A12\" \/><\/div><\/div><\/div><div class=\"swiper-slide\"><div class=\"fusion-carousel-item-wrapper\"><div class=\"fusion-image-wrapper hover-type-none\"><img decoding=\"async\" width=\"267\" height=\"192\" src=\"https:\/\/tedelta.com\/wp-content\/uploads\/2015\/10\/ESPECIALES-B7_B10.jpg\" class=\"attachment-full size-full\" alt=\"ESPECIALES B7_B10\" \/><\/div><\/div><\/div><div class=\"swiper-slide\"><div class=\"fusion-carousel-item-wrapper\"><div class=\"fusion-image-wrapper hover-type-none\"><img decoding=\"async\" width=\"267\" height=\"192\" src=\"https:\/\/tedelta.com\/wp-content\/uploads\/2015\/10\/ESPECIALES-B12_B13.jpg\" class=\"attachment-full size-full\" alt=\"\" \/><\/div><\/div><\/div><\/div><div class=\"awb-swiper-button awb-swiper-button-prev\"><i class=\"awb-icon-angle-left\" aria-hidden=\"true\"><\/i><\/div><div class=\"awb-swiper-button awb-swiper-button-next\"><i class=\"awb-icon-angle-right\" aria-hidden=\"true\"><\/i><\/div><\/div><\/div><div class=\"fusion-clearfix\"><\/div><\/div><\/div><\/div><\/div><div class=\"fusion-fullwidth fullwidth-box fusion-builder-row-4 hundred-percent-fullwidth non-hundred-percent-height-scrolling\" style=\"--awb-border-radius-top-left:0px;--awb-border-radius-top-right:0px;--awb-border-radius-bottom-right:0px;--awb-border-radius-bottom-left:0px;--awb-overflow:visible;--awb-padding-right:30px;--awb-padding-left:30px;--awb-flex-wrap:wrap;\" ><div class=\"fusion-builder-row fusion-row\"><div class=\"fusion-layout-column fusion_builder_column fusion-builder-column-5 fusion_builder_column_1_1 1_1 fusion-one-full fusion-column-first fusion-column-last fusion-column-no-min-height\" style=\"--awb-bg-size:cover;--awb-margin-bottom:0px;\"><div class=\"fusion-column-wrapper fusion-flex-column-wrapper-legacy\"><div class=\"fusion-section-separator section-separator triangle fusion-section-separator-2\" style=\"--awb-border-top:0px solid #1e73be;--awb-spacer-height:0px;--awb-svg-margin-left:0;--awb-svg-margin-right:0;--awb-icon-color:#1e73be;\"><div class=\"fusion-section-separator-svg\"><div class=\"divider-candy-arrow top\" style=\"bottom:0px;border-bottom-color: #1e73be;\"><\/div><div class=\"divider-candy top\" style=\"top:-20px;border-bottom:1px solid #1e73be;border-left:1px solid #1e73be;\"><\/div><\/div><div class=\"fusion-section-separator-spacer\"><div class=\"fusion-section-separator-spacer-height\"><\/div><\/div><\/div><div class=\"fusion-clearfix\"><\/div><\/div><\/div><\/div><\/div><div class=\"fusion-fullwidth fullwidth-box fusion-builder-row-5 nonhundred-percent-fullwidth non-hundred-percent-height-scrolling\" style=\"--awb-background-position:left top;--awb-border-radius-top-left:0px;--awb-border-radius-top-right:0px;--awb-border-radius-bottom-right:0px;--awb-border-radius-bottom-left:0px;--awb-padding-top:45px;--awb-padding-right:0px;--awb-padding-bottom:25px;--awb-padding-left:0px;--awb-background-color:#1e73be;--awb-border-sizes-top:0px;--awb-border-sizes-bottom:0px;--awb-flex-wrap:wrap;\" ><div class=\"fusion-builder-row fusion-row\"><div class=\"fusion-layout-column fusion_builder_column fusion-builder-column-6 fusion_builder_column_1_3 1_3 fusion-one-third fusion-column-first\" style=\"--awb-padding-top:20px;--awb-padding-right:20px;--awb-padding-bottom:20px;--awb-padding-left:20px;--awb-bg-size:cover;width:30.6666%; margin-right: 4%;\"><div class=\"fusion-column-wrapper fusion-flex-column-wrapper-legacy\"><div class=\"fusion-sep-clear\"><\/div><div class=\"fusion-separator fusion-full-width-sep\" style=\"margin-left: auto;margin-right: auto;margin-top:0px;margin-bottom:0px;width:100%;\"><div class=\"fusion-separator-border sep-double sep-solid\" style=\"--awb-height:20px;--awb-amount:20px;--awb-sep-color:#e2e2e2;border-color:#e2e2e2;border-top-width:1px;border-bottom-width:1px;\"><\/div><\/div><div class=\"fusion-sep-clear\"><\/div><div class=\"fusion-clearfix\"><\/div><\/div><\/div><div class=\"fusion-layout-column fusion_builder_column fusion-builder-column-7 fusion_builder_column_1_3 1_3 fusion-one-third\" style=\"--awb-bg-size:cover;--awb-margin-bottom:0px;width:30.6666%; margin-right: 4%;\"><div class=\"fusion-column-wrapper fusion-flex-column-wrapper-legacy\"><div class=\"fusion-aligncenter\"><a class=\"fusion-button button-flat button-xlarge button-custom fusion-button-default button-1 fusion-button-default-span fusion-button-default-type fusion-animated\" style=\"--button_bevel_color:#1e73be;--button_accent_color:#ffffff;--button_accent_hover_color:#1e73be;--button_border_hover_color:#1e73be;--button_border_width-top:1px;--button_border_width-right:1px;--button_border_width-bottom:1px;--button_border_width-left:1px;--button_gradient_top_color:#1e73be;--button_gradient_bottom_color:#1e73be;--button_gradient_top_color_hover:#ffffff;--button_gradient_bottom_color_hover:#ffffff;\" data-animationType=\"fadeInUp\" data-animationDuration=\"1\" data-animationOffset=\"top-into-view\" target=\"_self\" href=\"https:\/\/tedelta.com\/contact\/\"><span class=\"fusion-button-text\">CONTACTEZ-NOUS<\/span><\/a><\/div><div class=\"fusion-clearfix\"><\/div><\/div><\/div><div class=\"fusion-layout-column fusion_builder_column fusion-builder-column-8 fusion_builder_column_1_3 1_3 fusion-one-third fusion-column-last\" style=\"--awb-padding-top:20px;--awb-padding-right:20px;--awb-padding-bottom:20px;--awb-padding-left:20px;--awb-bg-size:cover;width:30.6666%;\"><div class=\"fusion-column-wrapper fusion-flex-column-wrapper-legacy\"><div class=\"fusion-sep-clear\"><\/div><div class=\"fusion-separator fusion-full-width-sep\" style=\"margin-left: auto;margin-right: auto;margin-top:0px;margin-bottom:0px;width:100%;\"><div class=\"fusion-separator-border sep-double sep-solid\" style=\"--awb-height:20px;--awb-amount:20px;--awb-sep-color:#e2e2e2;border-color:#e2e2e2;border-top-width:1px;border-bottom-width:1px;\"><\/div><\/div><div class=\"fusion-sep-clear\"><\/div><div class=\"fusion-clearfix\"><\/div><\/div><\/div><\/div><\/div>\n","protected":false},"excerpt":{"rendered":"","protected":false},"author":6,"featured_media":0,"parent":13597,"menu_order":0,"comment_status":"closed","ping_status":"closed","template":"100-width.php","meta":{"footnotes":""},"class_list":["post-13599","page","type-page","status-publish","hentry"],"_links":{"self":[{"href":"https:\/\/tedelta.com\/fr\/wp-json\/wp\/v2\/pages\/13599"}],"collection":[{"href":"https:\/\/tedelta.com\/fr\/wp-json\/wp\/v2\/pages"}],"about":[{"href":"https:\/\/tedelta.com\/fr\/wp-json\/wp\/v2\/types\/page"}],"author":[{"embeddable":true,"href":"https:\/\/tedelta.com\/fr\/wp-json\/wp\/v2\/users\/6"}],"replies":[{"embeddable":true,"href":"https:\/\/tedelta.com\/fr\/wp-json\/wp\/v2\/comments?post=13599"}],"version-history":[{"count":0,"href":"https:\/\/tedelta.com\/fr\/wp-json\/wp\/v2\/pages\/13599\/revisions"}],"up":[{"embeddable":true,"href":"https:\/\/tedelta.com\/fr\/wp-json\/wp\/v2\/pages\/13597"}],"wp:attachment":[{"href":"https:\/\/tedelta.com\/fr\/wp-json\/wp\/v2\/media?parent=13599"}],"curies":[{"name":"wp","href":"https:\/\/api.w.org\/{rel}","templated":true}]}}