{"id":13706,"date":"2015-10-08T09:12:19","date_gmt":"2015-10-08T09:12:19","guid":{"rendered":"https:\/\/tedelta.com\/de\/sistema-por-robo-2-2\/"},"modified":"2020-02-05T10:32:19","modified_gmt":"2020-02-05T10:32:19","slug":"sistema-por-robo-2-2","status":"publish","type":"page","link":"https:\/\/tedelta.com\/de\/sistema-por-robo-2-2\/","title":{"rendered":"Sistema \u201cPor robo\u201d"},"content":{"rendered":"<div class=\"fusion-fullwidth fullwidth-box fusion-builder-row-1 hundred-percent-fullwidth non-hundred-percent-height-scrolling\" style=\"--awb-background-position:left top;--awb-border-radius-top-left:0px;--awb-border-radius-top-right:0px;--awb-border-radius-bottom-right:0px;--awb-border-radius-bottom-left:0px;--awb-padding-top:0px;--awb-padding-right:0px;--awb-padding-bottom:0px;--awb-padding-left:0px;--awb-border-sizes-top:0px;--awb-border-sizes-bottom:0px;--awb-flex-wrap:wrap;\" ><div class=\"fusion-builder-row fusion-row\"><div class=\"fusion-layout-column fusion_builder_column fusion-builder-column-0 fusion_builder_column_1_1 1_1 fusion-one-full fusion-column-first fusion-column-last fusion-column-no-min-height\" style=\"--awb-bg-size:cover;--awb-margin-bottom:0px;\"><div class=\"fusion-column-wrapper fusion-flex-column-wrapper-legacy\"><div class=\"fusion-section-separator section-separator triangle fusion-section-separator-1\" style=\"--awb-border-bottom:1px solid #1e73be;--awb-spacer-height:1px;--awb-svg-margin-left:0;--awb-svg-margin-right:0;--awb-icon-color:#1e73be;\"><div class=\"fusion-section-separator-svg\"><div class=\"divider-candy-arrow bottom\" style=\"top:0px;border-top-color: #1e73be;\"><\/div><div class=\"divider-candy bottom\" style=\"bottom:-21px;border-bottom:1px solid #1e73be;border-left:1px solid #1e73be;\"><\/div><\/div><div class=\"fusion-section-separator-spacer\"><div class=\"fusion-section-separator-spacer-height\"><\/div><\/div><\/div><div class=\"fusion-sep-clear\"><\/div><div class=\"fusion-separator fusion-full-width-sep\" style=\"margin-left: auto;margin-right: auto;margin-top:30px;margin-bottom:20px;width:100%;\"><\/div><div class=\"fusion-sep-clear\"><\/div><div class=\"fusion-sep-clear\"><\/div><div class=\"fusion-separator fusion-full-width-sep\" style=\"margin-left: auto;margin-right: auto;margin-top:30px;margin-bottom:15px;width:100%;\"><\/div><div class=\"fusion-sep-clear\"><\/div><div class=\"fusion-text fusion-text-1\"><h1 style=\"text-align: center; font-size: 30px !important;\"><span style=\"color: #808080;\">PICK OFF SYSTEM<br \/>\n<\/span><\/h1>\n<h3 class=\"p1\" style=\"text-align: center;\"><span style=\"color: #1e73be;\"><b>TEDELTA-CAL-101-ST<\/b><\/span><\/h3>\n<\/div><div class=\"fusion-clearfix\"><\/div><\/div><\/div><\/div><\/div><div class=\"fusion-fullwidth fullwidth-box fusion-builder-row-2 nonhundred-percent-fullwidth non-hundred-percent-height-scrolling fusion-equal-height-columns\" style=\"--awb-background-position:center top;--awb-border-style:dashed;--awb-border-radius-top-left:0px;--awb-border-radius-top-right:0px;--awb-border-radius-bottom-right:0px;--awb-border-radius-bottom-left:0px;--awb-padding-top:75px;--awb-padding-bottom:;--awb-background-color:#ffffff;--awb-border-sizes-top:0px;--awb-border-sizes-bottom:0px;--awb-flex-wrap:wrap;\" ><div class=\"fusion-builder-row fusion-row\"><div class=\"fusion-layout-column fusion_builder_column fusion-builder-column-1 fusion_builder_column_1_2 1_2 fusion-one-half fusion-column-first\" style=\"--awb-bg-size:cover;--awb-border-color:#ffffff;--awb-border-top:1px;--awb-border-right:1px;--awb-border-bottom:1px;--awb-border-left:1px;--awb-border-style:dashed;width:48%; margin-right: 4%;\"><div class=\"fusion-column-wrapper fusion-flex-column-wrapper-legacy\"><div class=\"fusion-slider-sc fusion-flexslider-loading flexslider flexslider-hover-type-none\" data-slideshow_autoplay=\"1\" data-slideshow_smooth_height=\"0\" data-slideshow_speed=\"7000\" style=\"max-width:100%;height:100%;\"><ul class=\"slides\"><li class=\"image\"><span class=\"fusion-image-hover-element hover-type-none\"><img decoding=\"async\" src=\"https:\/\/tedelta.com\/wp-content\/uploads\/2015\/10\/Taponadora-Lineal-Sistema-por-Robo-1.jpg\" alt=\"M\u00e1quina Taponadora Lineal Sistema por Robo 1\" width=\"500\" height=\"700\" \/><\/span><\/li><li class=\"image\"><span class=\"fusion-image-hover-element hover-type-none\"><img decoding=\"async\" src=\"https:\/\/tedelta.com\/wp-content\/uploads\/2015\/10\/Taponadora-Lineal-Sistema-por-Robo-2.jpg\" alt=\"M\u00e1quina Taponadora Lineal Sistema por Robo 2\" width=\"500\" height=\"700\" \/><\/span><\/li><li class=\"image\"><span class=\"fusion-image-hover-element hover-type-none\"><img decoding=\"async\" src=\"https:\/\/tedelta.com\/wp-content\/uploads\/2015\/10\/Taponadora-Lineal-Sistema-por-Robo-3.jpg\" alt=\"M\u00e1quina Taponadora Lineal Sistema por Robo 3\" width=\"500\" height=\"700\" \/><\/span><\/li><li class=\"image\"><span class=\"fusion-image-hover-element hover-type-none\"><img decoding=\"async\" src=\"https:\/\/tedelta.com\/wp-content\/uploads\/2015\/10\/Taponadora-Lineal-Sistema-por-Robo-4.jpg\" alt=\"M\u00e1quina Taponadora Lineal Sistema por Robo 4\" width=\"500\" height=\"700\" \/><\/span><\/li><li class=\"image\"><span class=\"fusion-image-hover-element hover-type-none\"><img decoding=\"async\" src=\"https:\/\/tedelta.com\/wp-content\/uploads\/2015\/10\/Taponadora-Lineal-Sistema-por-Robo-5.jpg\" alt=\"M\u00e1quina Taponadora Lineal Sistema por Robo 5\" width=\"500\" height=\"700\" \/><\/span><\/li><li class=\"image\"><span class=\"fusion-image-hover-element hover-type-none\"><img decoding=\"async\" src=\"https:\/\/tedelta.com\/wp-content\/uploads\/2015\/10\/Taponadora-Lineal-Sistema-por-Robo-6.jpg\" alt=\"M\u00e1quina Taponadora Lineal Sistema por Robo 6\" width=\"500\" height=\"700\" \/><\/span><\/li><li class=\"image\"><span class=\"fusion-image-hover-element hover-type-none\"><img decoding=\"async\" src=\"https:\/\/tedelta.com\/wp-content\/uploads\/2015\/10\/Taponadora-Lineal-Sistema-por-Robo-7.jpg\" alt=\"M\u00e1quina Taponadora Lineal Sistema por Robo 7\" width=\"500\" height=\"700\" \/><\/span><\/li><\/ul><\/div><div class=\"fusion-clearfix\"><\/div><\/div><\/div><div class=\"fusion-layout-column fusion_builder_column fusion-builder-column-2 fusion_builder_column_1_2 1_2 fusion-one-half fusion-column-last\" style=\"--awb-bg-size:cover;width:48%;\"><div class=\"fusion-column-wrapper fusion-flex-column-wrapper-legacy\"><div class=\"fusion-text fusion-text-2\"><p><strong>F\u00fcr kleinere Produktionen ausgelegtes System, das trotzdem maximale Effizienz und Robustheit bietet. L\u00e4ngslaufende Maschine mit intermittierendem Sternsystem, vollautomatisch, vorgesehen f\u00fcr die Integration in Produktionsanlagen f\u00fcr kleinere Mengen. Bei vollkommen selbstst\u00e4ndigem Betrieb werden Produktionen bis zu 3000 Fl\/h erreicht.<\/strong><\/p>\n<p class=\"p2\"><strong><span class=\"s1\">\u00a0<\/span><\/strong><\/p>\n<\/div><div class=\"fusion-sep-clear\"><\/div><div class=\"fusion-separator fusion-full-width-sep\" style=\"margin-left: auto;margin-right: auto;margin-top:10px;margin-bottom:15px;width:100%;\"><\/div><div class=\"fusion-sep-clear\"><\/div><div class=\"fusion-sep-clear\"><\/div><div class=\"fusion-separator fusion-has-icon fusion-full-width-sep\" style=\"margin-left: auto;margin-right: auto;margin-top:30px;margin-bottom:50px;width:100%;\"><div class=\"fusion-separator-border sep-single sep-solid\" style=\"--awb-height:20px;--awb-amount:20px;--awb-sep-color:#1e73be;border-color:#1e73be;border-top-width:1px;\"><\/div><span class=\"icon-wrapper\" style=\"border-color:#1e73be;background-color:#ffffff;font-size:13px;width: 1.75em; height: 1.75em;border-width:1px;padding:1px;margin-top:-0.5px\"><i class=\" fa fa-cogs\" style=\"font-size: inherit;color:#1e73be;\" aria-hidden=\"true\"><\/i><\/span><div class=\"fusion-separator-border sep-single sep-solid\" style=\"--awb-height:20px;--awb-amount:20px;--awb-sep-color:#1e73be;border-color:#1e73be;border-top-width:1px;\"><\/div><\/div><div class=\"fusion-sep-clear\"><\/div><div class=\"fusion-sep-clear\"><\/div><div class=\"fusion-separator fusion-full-width-sep\" style=\"margin-left: auto;margin-right: auto;margin-top:10px;margin-bottom:20px;width:100%;\"><\/div><div class=\"fusion-sep-clear\"><\/div><div class=\"fusion-text fusion-text-3\"><p><strong>Ziel<\/strong><\/p>\n<p><strong>\u00a0<\/strong><\/p>\n<\/div><ul style=\"--awb-size:13px;--awb-iconcolor:#1e73be;--awb-line-height:22.1px;--awb-icon-width:22.1px;--awb-icon-height:22.1px;--awb-icon-margin:9.1px;--awb-content-margin:31.2px;\" class=\"fusion-checklist fusion-checklist-1 fusion-checklist-default type-icons\"><li class=\"fusion-li-item\" style=\"\"><span class=\"icon-wrapper circle-no\"><i class=\"fusion-li-icon fa fa-check\" aria-hidden=\"true\"><\/i><\/span><div class=\"fusion-li-item-content\">\n<p>Das Verschlie\u00dfen von Flaschen, Karaffen aus Glas, PET, etc. mit allen Arten von Aluminium-Kapseln, Pilfer-Proof-, Anroll-, Pedi-Strip-Verschl\u00fcssen, etc.<\/p>\n<\/div><\/li><li class=\"fusion-li-item\" style=\"\"><span class=\"icon-wrapper circle-no\"><i class=\"fusion-li-icon fa fa-check\" aria-hidden=\"true\"><\/i><\/span><div class=\"fusion-li-item-content\">Unser technisch hoch entwickelter und vielseitiger TEDELTA CR-504-ST Verschlie\u00dfkopf garantiert hermetischen Verschluss, perfektes Gewinde sowie einwandfreie Originalit\u00e4tssicherung und obere Abdichtung.<\/div><\/li><\/ul><div class=\"fusion-text fusion-text-4\"><p><strong>Verschlusszuf\u00fchrsystem<\/strong><\/p>\n<p class=\"p1\"><strong><span class=\"s1\">\u00a0<\/span><\/strong><\/p>\n<\/div><ul style=\"--awb-size:13px;--awb-iconcolor:#1e73be;--awb-line-height:22.1px;--awb-icon-width:22.1px;--awb-icon-height:22.1px;--awb-icon-margin:9.1px;--awb-content-margin:31.2px;\" class=\"fusion-checklist fusion-checklist-2 fusion-checklist-default type-icons\"><li class=\"fusion-li-item\" style=\"\"><span class=\"icon-wrapper circle-no\"><i class=\"fusion-li-icon fa fa-check\" aria-hidden=\"true\"><\/i><\/span><div class=\"fusion-li-item-content\">\n<p>Mittels Pick-off beim Vorbeilaufen der Flasche. Die Pr\u00e4zision des \u00dcbergabesystems reduziert den Kontakt mit dem Verschluss auf ein Minimum und stellt die korrekte Positionierung sicher.<\/p>\n<\/div><\/li><\/ul><div class=\"fusion-text fusion-text-5\"><p><strong>Modernste Technologie<\/strong><\/p>\n<ul>\n<li>Automatisches System zum lagerichtigen Zuf\u00fchren der Verschl\u00fcsse, spezifisch an jede Verschlussart angepasst.<\/li>\n<li>Synchronisierung mit der Gesamtanlage und einfache Handhabung f\u00fcr den Bediener.<\/li>\n<li>Wartungsarm, Minimalmengenschmierung und lange Haltbarkeit.<\/li>\n<\/ul>\n<\/div><div class=\"fusion-text fusion-text-6\"><p><strong>Sektoren<\/strong><\/p>\n<p class=\"p1\"><strong><span class=\"s1\">\u00a0<\/span><\/strong><\/p>\n<\/div><ul style=\"--awb-size:13px;--awb-iconcolor:#1e73be;--awb-line-height:22.1px;--awb-icon-width:22.1px;--awb-icon-height:22.1px;--awb-icon-margin:9.1px;--awb-content-margin:31.2px;\" class=\"fusion-checklist fusion-checklist-3 fusion-checklist-default type-icons\"><li class=\"fusion-li-item\" style=\"\"><span class=\"icon-wrapper circle-no\"><i class=\"fusion-li-icon fa fa-check\" aria-hidden=\"true\"><\/i><\/span><div class=\"fusion-li-item-content\">\n<p>Getr\u00e4nke, Lebensmittel, Pharmazie, Kosmetik und chemische Produkte.<\/p>\n<\/div><\/li><\/ul><div class=\"fusion-sep-clear\"><\/div><div class=\"fusion-separator fusion-full-width-sep\" style=\"margin-left: auto;margin-right: auto;margin-top:5px;margin-bottom:10px;width:100%;\"><\/div><div class=\"fusion-sep-clear\"><\/div><div class=\"fusion-sep-clear\"><\/div><div class=\"fusion-separator fusion-has-icon fusion-full-width-sep\" style=\"margin-left: auto;margin-right: auto;margin-top:30px;margin-bottom:50px;width:100%;\"><div class=\"fusion-separator-border sep-single sep-solid\" style=\"--awb-height:20px;--awb-amount:20px;--awb-sep-color:#1e73be;border-color:#1e73be;border-top-width:1px;\"><\/div><span class=\"icon-wrapper\" style=\"border-color:#1e73be;background-color:#ffffff;font-size:13px;width: 1.75em; height: 1.75em;border-width:1px;padding:1px;margin-top:-0.5px\"><i class=\" fa fa-cogs\" style=\"font-size: inherit;color:#1e73be;\" aria-hidden=\"true\"><\/i><\/span><div class=\"fusion-separator-border sep-single sep-solid\" style=\"--awb-height:20px;--awb-amount:20px;--awb-sep-color:#1e73be;border-color:#1e73be;border-top-width:1px;\"><\/div><\/div><div class=\"fusion-sep-clear\"><\/div><div class=\"fusion-sep-clear\"><\/div><div class=\"fusion-separator fusion-full-width-sep\" style=\"margin-left: auto;margin-right: auto;margin-top:30px;margin-bottom:30px;width:100%;\"><\/div><div class=\"fusion-sep-clear\"><\/div><div class=\"fusion-clearfix\"><\/div><\/div><\/div><\/div><\/div><div class=\"fusion-fullwidth fullwidth-box fusion-builder-row-3 nonhundred-percent-fullwidth non-hundred-percent-height-scrolling\" style=\"--awb-background-position:left top;--awb-border-color:#ffffff;--awb-border-radius-top-left:0px;--awb-border-radius-top-right:0px;--awb-border-radius-bottom-right:0px;--awb-border-radius-bottom-left:0px;--awb-padding-top:30px;--awb-padding-bottom:30px;--awb-background-color:#ffffff;--awb-border-sizes-top:1px;--awb-border-sizes-bottom:1px;--awb-flex-wrap:wrap;\" ><div class=\"fusion-builder-row fusion-row\"><div class=\"fusion-layout-column fusion_builder_column fusion-builder-column-3 fusion_builder_column_1_1 1_1 fusion-one-full fusion-column-first fusion-column-last fusion-column-no-min-height\" style=\"--awb-bg-size:cover;--awb-margin-bottom:0px;\"><div class=\"fusion-column-wrapper fusion-flex-column-wrapper-legacy\"><div class=\"fusion-title title fusion-title-1 fusion-title-text fusion-title-size-two\" style=\"--awb-sep-color:#1e73be;\"><h2 class=\"fusion-title-heading title-heading-left\" style=\"margin:0;\">Verwendbare Verschlussarten<\/h2><span class=\"awb-title-spacer\"><\/span><div class=\"title-sep-container\"><div class=\"title-sep sep-double sep-solid\" style=\"border-color:#1e73be;\"><\/div><\/div><\/div><div class=\"fusion-clearfix\"><\/div><\/div><\/div><div class=\"fusion-layout-column fusion_builder_column fusion-builder-column-4 fusion_builder_column_1_1 1_1 fusion-one-full fusion-column-first fusion-column-last fusion-column-no-min-height\" style=\"--awb-bg-size:cover;--awb-margin-bottom:0px;\"><div class=\"fusion-column-wrapper fusion-flex-column-wrapper-legacy\"><div class=\"fusion-image-carousel fusion-image-carousel-auto fusion-image-carousel-1 lightbox-enabled fusion-carousel-border\"><div class=\"awb-carousel awb-swiper awb-swiper-carousel\" data-autoplay=\"yes\" data-columns=\"5\" data-itemmargin=\"10\" data-itemwidth=\"180\" data-touchscroll=\"yes\" data-imagesize=\"auto\" data-scrollitems=\"Tapones a procesar\" style=\"--awb-column-spacing:10px;\"><div class=\"swiper-wrapper awb-image-carousel-wrapper fusion-flex-align-items-center\"><div class=\"swiper-slide\"><div class=\"fusion-carousel-item-wrapper\"><div class=\"fusion-image-wrapper hover-type-none\"><img decoding=\"async\" width=\"267\" height=\"192\" src=\"https:\/\/tedelta.com\/wp-content\/uploads\/2015\/10\/120-jpg-fondo-blanco-web.jpg\" class=\"attachment-full size-full\" alt=\"120-jpg-fondo-blanco-web\" \/><\/div><\/div><\/div><div class=\"swiper-slide\"><div class=\"fusion-carousel-item-wrapper\"><div class=\"fusion-image-wrapper hover-type-none\"><img decoding=\"async\" width=\"267\" height=\"192\" src=\"https:\/\/tedelta.com\/wp-content\/uploads\/2015\/10\/a3-transp.jpg\" class=\"attachment-full size-full\" alt=\"a3 transp\" \/><\/div><\/div><\/div><div class=\"swiper-slide\"><div class=\"fusion-carousel-item-wrapper\"><div class=\"fusion-image-wrapper hover-type-none\"><img decoding=\"async\" width=\"267\" height=\"192\" src=\"https:\/\/tedelta.com\/wp-content\/uploads\/2015\/10\/a12-transp.jpg\" class=\"attachment-full size-full\" alt=\"a12 transp\" \/><\/div><\/div><\/div><div class=\"swiper-slide\"><div class=\"fusion-carousel-item-wrapper\"><div class=\"fusion-image-wrapper hover-type-none\"><img decoding=\"async\" width=\"267\" height=\"192\" src=\"https:\/\/tedelta.com\/wp-content\/uploads\/2015\/10\/A2-transp.jpg\" class=\"attachment-full size-full\" alt=\"A2 transp\" \/><\/div><\/div><\/div><div class=\"swiper-slide\"><div class=\"fusion-carousel-item-wrapper\"><div class=\"fusion-image-wrapper hover-type-none\"><img decoding=\"async\" width=\"267\" height=\"192\" src=\"https:\/\/tedelta.com\/wp-content\/uploads\/2015\/10\/a4-transp.jpg\" class=\"attachment-full size-full\" alt=\"\" \/><\/div><\/div><\/div><\/div><div class=\"awb-swiper-button awb-swiper-button-prev\"><i class=\"awb-icon-angle-left\" aria-hidden=\"true\"><\/i><\/div><div class=\"awb-swiper-button awb-swiper-button-next\"><i class=\"awb-icon-angle-right\" aria-hidden=\"true\"><\/i><\/div><\/div><\/div><div class=\"fusion-clearfix\"><\/div><\/div><\/div><\/div><\/div><div class=\"fusion-fullwidth fullwidth-box fusion-builder-row-4 hundred-percent-fullwidth non-hundred-percent-height-scrolling\" style=\"--awb-border-radius-top-left:0px;--awb-border-radius-top-right:0px;--awb-border-radius-bottom-right:0px;--awb-border-radius-bottom-left:0px;--awb-overflow:visible;--awb-padding-right:30px;--awb-padding-left:30px;--awb-flex-wrap:wrap;\" ><div class=\"fusion-builder-row fusion-row\"><div class=\"fusion-layout-column fusion_builder_column fusion-builder-column-5 fusion_builder_column_1_1 1_1 fusion-one-full fusion-column-first fusion-column-last fusion-column-no-min-height\" style=\"--awb-bg-size:cover;--awb-margin-bottom:0px;\"><div class=\"fusion-column-wrapper fusion-flex-column-wrapper-legacy\"><div class=\"fusion-section-separator section-separator triangle fusion-section-separator-2\" style=\"--awb-border-top:0px solid #1e73be;--awb-spacer-height:0px;--awb-svg-margin-left:0;--awb-svg-margin-right:0;--awb-icon-color:#1e73be;\"><div class=\"fusion-section-separator-svg\"><div class=\"divider-candy-arrow top\" style=\"bottom:0px;border-bottom-color: #1e73be;\"><\/div><div class=\"divider-candy top\" style=\"top:-20px;border-bottom:1px solid #1e73be;border-left:1px solid #1e73be;\"><\/div><\/div><div class=\"fusion-section-separator-spacer\"><div class=\"fusion-section-separator-spacer-height\"><\/div><\/div><\/div><div class=\"fusion-clearfix\"><\/div><\/div><\/div><\/div><\/div><div class=\"fusion-fullwidth fullwidth-box fusion-builder-row-5 nonhundred-percent-fullwidth non-hundred-percent-height-scrolling\" style=\"--awb-background-position:left top;--awb-border-radius-top-left:0px;--awb-border-radius-top-right:0px;--awb-border-radius-bottom-right:0px;--awb-border-radius-bottom-left:0px;--awb-padding-top:45px;--awb-padding-right:0px;--awb-padding-bottom:25px;--awb-padding-left:0px;--awb-background-color:#1e73be;--awb-border-sizes-top:0px;--awb-border-sizes-bottom:0px;--awb-flex-wrap:wrap;\" ><div class=\"fusion-builder-row fusion-row\"><div class=\"fusion-layout-column fusion_builder_column fusion-builder-column-6 fusion_builder_column_1_3 1_3 fusion-one-third fusion-column-first\" style=\"--awb-padding-top:20px;--awb-padding-right:20px;--awb-padding-bottom:20px;--awb-padding-left:20px;--awb-bg-size:cover;width:30.6666%; margin-right: 4%;\"><div class=\"fusion-column-wrapper fusion-flex-column-wrapper-legacy\"><div class=\"fusion-sep-clear\"><\/div><div class=\"fusion-separator fusion-full-width-sep\" style=\"margin-left: auto;margin-right: auto;margin-top:0px;margin-bottom:0px;width:100%;\"><div class=\"fusion-separator-border sep-double sep-solid\" style=\"--awb-height:20px;--awb-amount:20px;--awb-sep-color:#e2e2e2;border-color:#e2e2e2;border-top-width:1px;border-bottom-width:1px;\"><\/div><\/div><div class=\"fusion-sep-clear\"><\/div><div class=\"fusion-clearfix\"><\/div><\/div><\/div><div class=\"fusion-layout-column fusion_builder_column fusion-builder-column-7 fusion_builder_column_1_3 1_3 fusion-one-third\" style=\"--awb-bg-size:cover;--awb-margin-bottom:0px;width:30.6666%; margin-right: 4%;\"><div class=\"fusion-column-wrapper fusion-flex-column-wrapper-legacy\"><div class=\"fusion-aligncenter\"><a class=\"fusion-button button-flat button-xlarge button-custom fusion-button-default button-1 fusion-button-default-span fusion-button-default-type fusion-animated\" style=\"--button_bevel_color:#1e73be;--button_accent_color:#ffffff;--button_accent_hover_color:#1e73be;--button_border_hover_color:#1e73be;--button_border_width-top:1px;--button_border_width-right:1px;--button_border_width-bottom:1px;--button_border_width-left:1px;--button_gradient_top_color:#1e73be;--button_gradient_bottom_color:#1e73be;--button_gradient_top_color_hover:#ffffff;--button_gradient_bottom_color_hover:#ffffff;\" data-animationType=\"fadeInUp\" data-animationDuration=\"1\" data-animationOffset=\"top-into-view\" target=\"_self\" href=\"https:\/\/tedelta.com\/de\/contacto\"><span class=\"fusion-button-text\">SETZEN SIE SICH MIT UNS IN VERBINDUNG<\/span><\/a><\/div><div class=\"fusion-clearfix\"><\/div><\/div><\/div><div class=\"fusion-layout-column fusion_builder_column fusion-builder-column-8 fusion_builder_column_1_3 1_3 fusion-one-third fusion-column-last\" style=\"--awb-padding-top:20px;--awb-padding-right:20px;--awb-padding-bottom:20px;--awb-padding-left:20px;--awb-bg-size:cover;width:30.6666%;\"><div class=\"fusion-column-wrapper fusion-flex-column-wrapper-legacy\"><div class=\"fusion-sep-clear\"><\/div><div class=\"fusion-separator fusion-full-width-sep\" style=\"margin-left: auto;margin-right: auto;margin-top:0px;margin-bottom:0px;width:100%;\"><div class=\"fusion-separator-border sep-double sep-solid\" style=\"--awb-height:20px;--awb-amount:20px;--awb-sep-color:#e2e2e2;border-color:#e2e2e2;border-top-width:1px;border-bottom-width:1px;\"><\/div><\/div><div class=\"fusion-sep-clear\"><\/div><div class=\"fusion-clearfix\"><\/div><\/div><\/div><\/div><\/div>\n","protected":false},"excerpt":{"rendered":"","protected":false},"author":6,"featured_media":0,"parent":0,"menu_order":0,"comment_status":"closed","ping_status":"closed","template":"100-width.php","meta":{"footnotes":""},"class_list":["post-13706","page","type-page","status-publish","hentry"],"_links":{"self":[{"href":"https:\/\/tedelta.com\/de\/wp-json\/wp\/v2\/pages\/13706"}],"collection":[{"href":"https:\/\/tedelta.com\/de\/wp-json\/wp\/v2\/pages"}],"about":[{"href":"https:\/\/tedelta.com\/de\/wp-json\/wp\/v2\/types\/page"}],"author":[{"embeddable":true,"href":"https:\/\/tedelta.com\/de\/wp-json\/wp\/v2\/users\/6"}],"replies":[{"embeddable":true,"href":"https:\/\/tedelta.com\/de\/wp-json\/wp\/v2\/comments?post=13706"}],"version-history":[{"count":0,"href":"https:\/\/tedelta.com\/de\/wp-json\/wp\/v2\/pages\/13706\/revisions"}],"wp:attachment":[{"href":"https:\/\/tedelta.com\/de\/wp-json\/wp\/v2\/media?parent=13706"}],"curies":[{"name":"wp","href":"https:\/\/api.w.org\/{rel}","templated":true}]}}